{"id":617,"date":"2017-05-12T15:21:46","date_gmt":"2017-05-12T13:21:46","guid":{"rendered":"http:\/\/jens-mayer.com\/de\/?page_id=617"},"modified":"2020-02-03T11:28:43","modified_gmt":"2020-02-03T10:28:43","slug":"gear","status":"publish","type":"page","link":"https:\/\/jens-mayer.com\/de\/gear\/","title":{"rendered":"Gear"},"content":{"rendered":"<div id=\"pl-617\"  class=\"panel-layout\" ><div id=\"pg-617-0\"  class=\"panel-grid panel-has-style\" ><div class=\"panel-row-style panel-row-style-for-617-0\" ><div id=\"pgc-617-0-0\"  class=\"panel-grid-cell\" ><div id=\"panel-617-0-0-0\" class=\"so-panel widget widget_sow-headline panel-first-child panel-last-child\" data-index=\"0\" ><div\n\t\t\t\n\t\t\tclass=\"so-widget-sow-headline so-widget-sow-headline-default-eb58c90b4a68-617\"\n\t\t\t\n\t\t><div class=\"sow-headline-container \">\n\t\t\t\t\t\t\t<h2 class=\"sow-headline\">\n\t\t\t\t\t\tEquipment welches ich nutze\t\t\t\t\t\t<\/h2>\n\t\t\t\t\t\t\t\t\t\t\t<div class=\"decoration\">\n\t\t\t\t\t\t<div class=\"decoration-inside\"><\/div>\n\t\t\t\t\t<\/div>\n\t\t\t\t\t<\/div>\n<\/div><\/div><\/div><\/div><\/div><div id=\"pg-617-1\"  class=\"panel-grid panel-has-style\" ><div class=\"panel-row-style panel-row-style-for-617-1\" ><div id=\"pgc-617-1-0\"  class=\"panel-grid-cell\" ><div id=\"panel-617-1-0-0\" class=\"so-panel widget widget_sow-editor panel-first-child panel-last-child\" data-index=\"1\" ><div\n\t\t\t\n\t\t\tclass=\"so-widget-sow-editor so-widget-sow-editor-base\"\n\t\t\t\n\t\t>\n<div class=\"siteorigin-widget-tinymce textwidget\">\n\t<h3>&nbsp;<\/h3>\n<h3><img loading=\"lazy\" decoding=\"async\" class=\"alignnone  wp-image-683\" src=\"http:\/\/jens-mayer.com\/de\/wp-content\/uploads\/2017\/05\/Zoom-G3x-300x158.jpg\" alt=\"\" width=\"347\" height=\"183\" srcset=\"https:\/\/jens-mayer.com\/de\/wp-content\/uploads\/2017\/05\/Zoom-G3x-300x158.jpg 300w, https:\/\/jens-mayer.com\/de\/wp-content\/uploads\/2017\/05\/Zoom-G3x-230x121.jpg 230w, https:\/\/jens-mayer.com\/de\/wp-content\/uploads\/2017\/05\/Zoom-G3x-350x185.jpg 350w, https:\/\/jens-mayer.com\/de\/wp-content\/uploads\/2017\/05\/Zoom-G3x.jpg 400w\" sizes=\"auto, (max-width: 347px) 100vw, 347px\" \/><\/p>\n<\/h3>\n<\/div>\n<\/div><\/div><\/div><div id=\"pgc-617-1-1\"  class=\"panel-grid-cell\" ><div id=\"panel-617-1-1-0\" class=\"so-panel widget widget_sow-editor panel-first-child panel-last-child\" data-index=\"2\" ><div\n\t\t\t\n\t\t\tclass=\"so-widget-sow-editor so-widget-sow-editor-base\"\n\t\t\t\n\t\t>\n<div class=\"siteorigin-widget-tinymce textwidget\">\n\t<h3><strong>Zoom G3X<\/strong><\/h3>\n<p>&nbsp;<\/p>\n<p>Ich liebe mein Zoom G3X \u00fcber alles. Es ist so einfach, damit einen guten Ton zu erzeugen.Die Preamps klingen gut, die Modulationseffekte sind fantastisch und die Lead Sonds von Zoom waren schon immer bekannt daf\u00fcr, dass sie sehr warm und athentisch klingen. Ich habe die angesagten Modeller alle ausprobiert und lande dennoch immer wieder beim Zoom G3X, denn ich finde es so einfach zu bedienen, auf fast allen Video und Audio Tracks hier ist das Zoom g3X zu h\u00f6ren. Dieses Ger\u00e4t gl\u00e4nzt besonders, wenn ma es direkt spielt, aber auch auf dem pedalboard macht es eine gute Figur. Ich trage gerne dazu bei, diesem Geraet den Stellenwert zu geben, der ihm geb\u00fchrt!<\/p>\n<p>Seht euch das Video mit 10 von mir kreierten Patches (Sounds) f\u00fcr das Zoom G3X an.<\/p>\n<\/div>\n<\/div><\/div><\/div><div id=\"pgc-617-1-2\"  class=\"panel-grid-cell\" ><div id=\"panel-617-1-2-0\" class=\"so-panel widget panel-first-child panel-last-child\" data-index=\"3\" ><div class=\"panel-widget-style panel-widget-style-for-617-1-2-0\" ><\/div><\/div><\/div><\/div><\/div><div id=\"pg-617-2\"  class=\"panel-grid panel-has-style\" ><div class=\"panel-row-style panel-row-style-for-617-2\" ><div id=\"pgc-617-2-0\"  class=\"panel-grid-cell\" ><div id=\"panel-617-2-0-0\" class=\"so-panel widget widget_sow-editor panel-first-child panel-last-child\" data-index=\"4\" ><div class=\"panel-widget-style panel-widget-style-for-617-2-0-0\" ><div\n\t\t\t\n\t\t\tclass=\"so-widget-sow-editor so-widget-sow-editor-base\"\n\t\t\t\n\t\t>\n<div class=\"siteorigin-widget-tinymce textwidget\">\n\t<p><img loading=\"lazy\" decoding=\"async\" class=\"alignnone  wp-image-679\" src=\"http:\/\/jens-mayer.com\/de\/wp-content\/uploads\/2017\/05\/vigier-excalibur-special-left-handed-guitar.jpg\" alt=\"\" width=\"760\" height=\"238\" srcset=\"https:\/\/jens-mayer.com\/de\/wp-content\/uploads\/2017\/05\/vigier-excalibur-special-left-handed-guitar.jpg 655w, https:\/\/jens-mayer.com\/de\/wp-content\/uploads\/2017\/05\/vigier-excalibur-special-left-handed-guitar-300x94.jpg 300w, https:\/\/jens-mayer.com\/de\/wp-content\/uploads\/2017\/05\/vigier-excalibur-special-left-handed-guitar-230x72.jpg 230w, https:\/\/jens-mayer.com\/de\/wp-content\/uploads\/2017\/05\/vigier-excalibur-special-left-handed-guitar-350x110.jpg 350w, https:\/\/jens-mayer.com\/de\/wp-content\/uploads\/2017\/05\/vigier-excalibur-special-left-handed-guitar-480x150.jpg 480w\" sizes=\"auto, (max-width: 760px) 100vw, 760px\" \/><\/p>\n<\/div>\n<\/div><\/div><\/div><\/div><div id=\"pgc-617-2-1\"  class=\"panel-grid-cell\" ><div id=\"panel-617-2-1-0\" class=\"so-panel widget widget_sow-editor panel-first-child panel-last-child\" data-index=\"5\" ><div\n\t\t\t\n\t\t\tclass=\"so-widget-sow-editor so-widget-sow-editor-base\"\n\t\t\t\n\t\t>\n<div class=\"siteorigin-widget-tinymce textwidget\">\n\t<h3><strong>Vigier Excalibur<\/strong><\/h3>\n<p>Die Vigier Excalibur ist eine fantastische High End Gitarre. Sie ist sehr leicht zu bespielen, f\u00fchlt sich sehr wertig an und Sie erzeugt einen sehr warmen Ton, welcher sich sowohl fuer Rock, Legato und Fusion als auch f\u00fcr Jazz nutzen l\u00e4sst.Die Hardware ist&nbsp;vom Feinsten nd diese Gitarre sieht sensationell gut aus. Ich fand die Vigier vor ein paar Jahren durch Zufall auf der Musikmesse in Frankfurt und bin immer noch sehr zufrieden mit dieser Gitarre.Zusammen mit dem Zoom G3X erzeugt Sie einen sehr sch\u00f6nen Lead Tone, welches im Video hier &nbsp;sch\u00f6n zu sehen\/h\u00f6ren ist.<\/p>\n<h3>&nbsp;<\/h3>\n<h3><strong>Weiteres Equipment:<\/strong><\/h3>\n<p>Fender Telecaster Made in USA, Fender Stratocaster Made in USA, Furch Little Jane, Cole Clark Fat Lady, Takamine EN10<\/p>\n<p>Kemper Profiler, Sustainiac, Mac Pro, Mac Mini, Logic Pro X, Apogee Audio Interface<\/p>\n<\/div>\n<\/div><\/div><\/div><div id=\"pgc-617-2-2\"  class=\"panel-grid-cell\" ><div id=\"panel-617-2-2-0\" class=\"so-panel widget widget_sow-editor panel-first-child panel-last-child\" data-index=\"6\" ><div\n\t\t\t\n\t\t\tclass=\"so-widget-sow-editor so-widget-sow-editor-base\"\n\t\t\t\n\t\t>\n<div class=\"siteorigin-widget-tinymce textwidget\">\n\t<blockquote class=\"instagram-media\" data-instgrm-version=\"7\" style=\" background:#FFF; border:0; border-radius:3px; box-shadow:0 0 1px 0 rgba(0,0,0,0.5),0 1px 10px 0 rgba(0,0,0,0.15); margin: 1px; max-width:658px; padding:0; width:99.375%; width:-webkit-calc(100% - 2px); width:calc(100% - 2px);\">\n<div style=\"padding:8px;\">\n<div style=\" background:#F8F8F8; line-height:0; margin-top:40px; padding:28.10185185185185% 0; text-align:center; width:100%;\">\n<div style=\" background:url(data:image\/png;base64,iVBORw0KGgoAAAANSUhEUgAAACwAAAAsCAMAAAApWqozAAAABGdBTUEAALGPC\/xhBQAAAAFzUkdCAK7OHOkAAAAMUExURczMzPf399fX1+bm5mzY9AMAAADiSURBVDjLvZXbEsMgCES5\/P8\/t9FuRVCRmU73JWlzosgSIIZURCjo\/ad+EQJJB4Hv8BFt+IDpQoCx1wjOSBFhh2XssxEIYn3ulI\/6MNReE07UIWJEv8UEOWDS88LY97kqyTliJKKtuYBbruAyVh5wOHiXmpi5we58Ek028czwyuQdLKPG1Bkb4NnM+VeAnfHqn1k4+GPT6uGQcvu2h2OVuIf\/gWUFyy8OWEpdyZSa3aVCqpVoVvzZZ2VTnn2wU8qzVjDDetO90GSy9mVLqtgYSy231MxrY6I2gGqjrTY0L8fxCxfCBbhWrsYYAAAAAElFTkSuQmCC); display:block; height:44px; margin:0 auto -44px; position:relative; top:-22px; width:44px;\"><\/div>\n<\/div>\n<p style=\" color:#c9c8cd; font-family:Arial,sans-serif; font-size:14px; line-height:17px; margin-bottom:0; margin-top:8px; overflow:hidden; padding:8px 0 7px; text-align:center; text-overflow:ellipsis; white-space:nowrap;\"><a href=\"https:\/\/www.instagram.com\/p\/BTSeA35gmYJ\/\" style=\" color:#c9c8cd; font-family:Arial,sans-serif; font-size:14px; font-style:normal; font-weight:normal; line-height:17px; text-decoration:none;\" target=\"_blank\">Ein Beitrag geteilt von Jens Mayer (@jensmayerguitar)<\/a> am <time style=\" font-family:Arial,sans-serif; font-size:14px; line-height:17px;\" datetime=\"2017-04-25T00:41:20+00:00\">24. Apr 2017 um 17:41 Uhr<\/time><\/p>\n<\/div>\n<\/blockquote>\n<p> <script async defer src=\"\/\/platform.instagram.com\/en_US\/embeds.js\"><\/script><\/p>\n<\/div>\n<\/div><\/div><\/div><\/div><\/div><\/div>","protected":false},"excerpt":{"rendered":"<p>&nbsp; Zoom G3X&nbsp;Ich liebe mein Zoom G3X \u00fcber alles. Es ist so einfach, damit einen guten Ton zu erzeugen.Die Preamps klingen gut, die Modulationseffekte sind fantastisch und die Lead Sonds<a href=\"https:\/\/jens-mayer.com\/de\/gear\/\" class=\"more-link\"><span class=\"readmore\">Continue reading<span class=\"screen-reader-text\">Gear<\/span><\/span><\/a><\/p>\n","protected":false},"author":1,"featured_media":0,"parent":0,"menu_order":0,"comment_status":"closed","ping_status":"closed","template":"page-templates\/page_front-page.php","meta":{"footnotes":""},"class_list":["post-617","page","type-page","status-publish","hentry"],"yoast_head":"<!-- This site is optimized with the Yoast SEO plugin v27.0 - https:\/\/yoast.com\/product\/yoast-seo-wordpress\/ -->\n<title>Gear - Jens Mayer Guitar<\/title>\n<meta name=\"description\" content=\"Some of the gear I use. Zoom G3X, Vigier Excalibur, Fender Tele, Furch Little Jane\" \/>\n<meta name=\"robots\" content=\"index, follow, max-snippet:-1, max-image-preview:large, max-video-preview:-1\" \/>\n<link rel=\"canonical\" href=\"https:\/\/jens-mayer.com\/de\/gear\/\" \/>\n<meta property=\"og:locale\" content=\"en_US\" \/>\n<meta property=\"og:type\" content=\"article\" \/>\n<meta property=\"og:title\" content=\"Gear - Jens Mayer Guitar\" \/>\n<meta property=\"og:description\" content=\"Some of the gear I use. Zoom G3X, Vigier Excalibur, Fender Tele, Furch Little Jane\" \/>\n<meta property=\"og:url\" content=\"https:\/\/jens-mayer.com\/de\/gear\/\" \/>\n<meta property=\"og:site_name\" content=\"Jens Mayer Guitar\" \/>\n<meta property=\"article:modified_time\" content=\"2020-02-03T10:28:43+00:00\" \/>\n<meta property=\"og:image\" content=\"http:\/\/jens-mayer.com\/de\/wp-content\/uploads\/2017\/05\/Zoom-G3x-300x158.jpg\" \/>\n<meta name=\"twitter:card\" content=\"summary_large_image\" \/>\n<meta name=\"twitter:site\" content=\"@jensmayer\" \/>\n<meta name=\"twitter:label1\" content=\"Est. reading time\" \/>\n\t<meta name=\"twitter:data1\" content=\"2 minutes\" \/>\n<script type=\"application\/ld+json\" class=\"yoast-schema-graph\">{\"@context\":\"https:\/\/schema.org\",\"@graph\":[{\"@type\":\"WebPage\",\"@id\":\"https:\/\/jens-mayer.com\/de\/gear\/\",\"url\":\"https:\/\/jens-mayer.com\/de\/gear\/\",\"name\":\"Gear - Jens Mayer Guitar\",\"isPartOf\":{\"@id\":\"https:\/\/jens-mayer.com\/de\/#website\"},\"primaryImageOfPage\":{\"@id\":\"https:\/\/jens-mayer.com\/de\/gear\/#primaryimage\"},\"image\":{\"@id\":\"https:\/\/jens-mayer.com\/de\/gear\/#primaryimage\"},\"thumbnailUrl\":\"http:\/\/jens-mayer.com\/de\/wp-content\/uploads\/2017\/05\/Zoom-G3x-300x158.jpg\",\"datePublished\":\"2017-05-12T13:21:46+00:00\",\"dateModified\":\"2020-02-03T10:28:43+00:00\",\"description\":\"Some of the gear I use. Zoom G3X, Vigier Excalibur, Fender Tele, Furch Little Jane\",\"breadcrumb\":{\"@id\":\"https:\/\/jens-mayer.com\/de\/gear\/#breadcrumb\"},\"inLanguage\":\"en-US\",\"potentialAction\":[{\"@type\":\"ReadAction\",\"target\":[\"https:\/\/jens-mayer.com\/de\/gear\/\"]}]},{\"@type\":\"ImageObject\",\"inLanguage\":\"en-US\",\"@id\":\"https:\/\/jens-mayer.com\/de\/gear\/#primaryimage\",\"url\":\"https:\/\/jens-mayer.com\/de\/wp-content\/uploads\/2017\/05\/Zoom-G3x.jpg\",\"contentUrl\":\"https:\/\/jens-mayer.com\/de\/wp-content\/uploads\/2017\/05\/Zoom-G3x.jpg\",\"width\":400,\"height\":211},{\"@type\":\"BreadcrumbList\",\"@id\":\"https:\/\/jens-mayer.com\/de\/gear\/#breadcrumb\",\"itemListElement\":[{\"@type\":\"ListItem\",\"position\":1,\"name\":\"Home\",\"item\":\"https:\/\/jens-mayer.com\/de\/\"},{\"@type\":\"ListItem\",\"position\":2,\"name\":\"Gear\"}]},{\"@type\":\"WebSite\",\"@id\":\"https:\/\/jens-mayer.com\/de\/#website\",\"url\":\"https:\/\/jens-mayer.com\/de\/\",\"name\":\"Jens Mayer\",\"description\":\"Jens Mayer Gitarrist - Musiker\",\"publisher\":{\"@id\":\"https:\/\/jens-mayer.com\/de\/#\/schema\/person\/920132aea03799919ffcbea9ace5d0aa\"},\"potentialAction\":[{\"@type\":\"SearchAction\",\"target\":{\"@type\":\"EntryPoint\",\"urlTemplate\":\"https:\/\/jens-mayer.com\/de\/?s={search_term_string}\"},\"query-input\":{\"@type\":\"PropertyValueSpecification\",\"valueRequired\":true,\"valueName\":\"search_term_string\"}}],\"inLanguage\":\"en-US\"},{\"@type\":[\"Person\",\"Organization\"],\"@id\":\"https:\/\/jens-mayer.com\/de\/#\/schema\/person\/920132aea03799919ffcbea9ace5d0aa\",\"name\":\"chaijen\",\"image\":{\"@type\":\"ImageObject\",\"inLanguage\":\"en-US\",\"@id\":\"https:\/\/jens-mayer.com\/de\/#\/schema\/person\/image\/\",\"url\":\"https:\/\/secure.gravatar.com\/avatar\/ed29442799e8449cb8727064c3aabe1d195742ffb33889a5185751a0d9aea3c3?s=96&d=mm&r=g\",\"contentUrl\":\"https:\/\/secure.gravatar.com\/avatar\/ed29442799e8449cb8727064c3aabe1d195742ffb33889a5185751a0d9aea3c3?s=96&d=mm&r=g\",\"caption\":\"chaijen\"},\"logo\":{\"@id\":\"https:\/\/jens-mayer.com\/de\/#\/schema\/person\/image\/\"}}]}<\/script>\n<!-- \/ Yoast SEO plugin. -->","yoast_head_json":{"title":"Gear - Jens Mayer Guitar","description":"Some of the gear I use. Zoom G3X, Vigier Excalibur, Fender Tele, Furch Little Jane","robots":{"index":"index","follow":"follow","max-snippet":"max-snippet:-1","max-image-preview":"max-image-preview:large","max-video-preview":"max-video-preview:-1"},"canonical":"https:\/\/jens-mayer.com\/de\/gear\/","og_locale":"en_US","og_type":"article","og_title":"Gear - Jens Mayer Guitar","og_description":"Some of the gear I use. Zoom G3X, Vigier Excalibur, Fender Tele, Furch Little Jane","og_url":"https:\/\/jens-mayer.com\/de\/gear\/","og_site_name":"Jens Mayer Guitar","article_modified_time":"2020-02-03T10:28:43+00:00","og_image":[{"url":"http:\/\/jens-mayer.com\/de\/wp-content\/uploads\/2017\/05\/Zoom-G3x-300x158.jpg","type":"","width":"","height":""}],"twitter_card":"summary_large_image","twitter_site":"@jensmayer","twitter_misc":{"Est. reading time":"2 minutes"},"schema":{"@context":"https:\/\/schema.org","@graph":[{"@type":"WebPage","@id":"https:\/\/jens-mayer.com\/de\/gear\/","url":"https:\/\/jens-mayer.com\/de\/gear\/","name":"Gear - Jens Mayer Guitar","isPartOf":{"@id":"https:\/\/jens-mayer.com\/de\/#website"},"primaryImageOfPage":{"@id":"https:\/\/jens-mayer.com\/de\/gear\/#primaryimage"},"image":{"@id":"https:\/\/jens-mayer.com\/de\/gear\/#primaryimage"},"thumbnailUrl":"http:\/\/jens-mayer.com\/de\/wp-content\/uploads\/2017\/05\/Zoom-G3x-300x158.jpg","datePublished":"2017-05-12T13:21:46+00:00","dateModified":"2020-02-03T10:28:43+00:00","description":"Some of the gear I use. Zoom G3X, Vigier Excalibur, Fender Tele, Furch Little Jane","breadcrumb":{"@id":"https:\/\/jens-mayer.com\/de\/gear\/#breadcrumb"},"inLanguage":"en-US","potentialAction":[{"@type":"ReadAction","target":["https:\/\/jens-mayer.com\/de\/gear\/"]}]},{"@type":"ImageObject","inLanguage":"en-US","@id":"https:\/\/jens-mayer.com\/de\/gear\/#primaryimage","url":"https:\/\/jens-mayer.com\/de\/wp-content\/uploads\/2017\/05\/Zoom-G3x.jpg","contentUrl":"https:\/\/jens-mayer.com\/de\/wp-content\/uploads\/2017\/05\/Zoom-G3x.jpg","width":400,"height":211},{"@type":"BreadcrumbList","@id":"https:\/\/jens-mayer.com\/de\/gear\/#breadcrumb","itemListElement":[{"@type":"ListItem","position":1,"name":"Home","item":"https:\/\/jens-mayer.com\/de\/"},{"@type":"ListItem","position":2,"name":"Gear"}]},{"@type":"WebSite","@id":"https:\/\/jens-mayer.com\/de\/#website","url":"https:\/\/jens-mayer.com\/de\/","name":"Jens Mayer","description":"Jens Mayer Gitarrist - Musiker","publisher":{"@id":"https:\/\/jens-mayer.com\/de\/#\/schema\/person\/920132aea03799919ffcbea9ace5d0aa"},"potentialAction":[{"@type":"SearchAction","target":{"@type":"EntryPoint","urlTemplate":"https:\/\/jens-mayer.com\/de\/?s={search_term_string}"},"query-input":{"@type":"PropertyValueSpecification","valueRequired":true,"valueName":"search_term_string"}}],"inLanguage":"en-US"},{"@type":["Person","Organization"],"@id":"https:\/\/jens-mayer.com\/de\/#\/schema\/person\/920132aea03799919ffcbea9ace5d0aa","name":"chaijen","image":{"@type":"ImageObject","inLanguage":"en-US","@id":"https:\/\/jens-mayer.com\/de\/#\/schema\/person\/image\/","url":"https:\/\/secure.gravatar.com\/avatar\/ed29442799e8449cb8727064c3aabe1d195742ffb33889a5185751a0d9aea3c3?s=96&d=mm&r=g","contentUrl":"https:\/\/secure.gravatar.com\/avatar\/ed29442799e8449cb8727064c3aabe1d195742ffb33889a5185751a0d9aea3c3?s=96&d=mm&r=g","caption":"chaijen"},"logo":{"@id":"https:\/\/jens-mayer.com\/de\/#\/schema\/person\/image\/"}}]}},"_links":{"self":[{"href":"https:\/\/jens-mayer.com\/de\/wp-json\/wp\/v2\/pages\/617","targetHints":{"allow":["GET"]}}],"collection":[{"href":"https:\/\/jens-mayer.com\/de\/wp-json\/wp\/v2\/pages"}],"about":[{"href":"https:\/\/jens-mayer.com\/de\/wp-json\/wp\/v2\/types\/page"}],"author":[{"embeddable":true,"href":"https:\/\/jens-mayer.com\/de\/wp-json\/wp\/v2\/users\/1"}],"replies":[{"embeddable":true,"href":"https:\/\/jens-mayer.com\/de\/wp-json\/wp\/v2\/comments?post=617"}],"version-history":[{"count":0,"href":"https:\/\/jens-mayer.com\/de\/wp-json\/wp\/v2\/pages\/617\/revisions"}],"wp:attachment":[{"href":"https:\/\/jens-mayer.com\/de\/wp-json\/wp\/v2\/media?parent=617"}],"curies":[{"name":"wp","href":"https:\/\/api.w.org\/{rel}","templated":true}]}}