{"id":2263,"date":"2025-01-02T19:57:57","date_gmt":"2025-01-02T18:57:57","guid":{"rendered":"http:\/\/jens-mayer.com\/de\/?page_id=2263"},"modified":"2026-01-13T09:51:55","modified_gmt":"2026-01-13T08:51:55","slug":"duo","status":"publish","type":"page","link":"https:\/\/jens-mayer.com\/de\/duo\/","title":{"rendered":"Katie Grant &#038; Jens Mayer Acoustic Duo"},"content":{"rendered":"\n<p>Saengerin Katie Grant und Gitarrist Jens Mayer verzaubern mit einem ausgewogenen Akustik-Programm aus gefuehlvollen Coversongs &#8211; von Ballade bis Popsong:<\/p>\n\n\n\n<p>What a wonderful world &#8211; Hallelujah &#8211; Smile &#8211; Viva la Vida &#8211; Flowers &#8211; Summertime &#8211; Jolene &#8211; Desperado &#8211; Die with a Smile &#8211; Rockabye Baby uvm..<\/p>\n\n\n\n<p>Die beiden leidenschaftlichen Musiker blicken auf viele Jahre B\u00fchnen- und Studio Erfahrung zur\u00fcck und pr\u00e4sentieren charmant ihr vielf\u00e4ltiges Programm, welches auch einige bekannte Songs als Instrumentals im Smooth Jazz Style beinhaltet. <a href=\"https:\/\/youtube.com\/playlist?list=PLwbvZnXXchmlUgtdXT67sf-x6gK4G6QAz&amp;si=nEdD6NVxl1F0sGzS\">Klicken Sie hier f\u00fcr unsere komplette Youtube Playlist<\/a><\/p>\n\n\n\n<p>Katie Grant &amp; Jens Mayer &#8211; ein musikalisches Highlight f\u00fcr ihr Event! <\/p>\n\n\n\n<p class=\"has-large-font-size\"><p class=\"has-large-font-size\"><a href=\"https:\/\/jens-mayer.com\/de\/contact\/\"><strong>Booking hier ueber das Kontaktvormular<\/strong><\/a><\/p><iframe loading=\"lazy\" width=\"560\" height=\"315\" src=\"https:\/\/www.youtube.com\/embed\/OSBD8agvo2o?si=kbpX1Dx-orOJaYE2\" title=\"YouTube video player\" frameborder=\"0\" allow=\"accelerometer; autoplay; clipboard-write; encrypted-media; gyroscope; picture-in-picture; web-share\" referrerpolicy=\"strict-origin-when-cross-origin\" allowfullscreen=\"\"><\/iframe><br><!-- \/wp:paragraph \u2014>--><\/p>\n\n\n\n<figure class=\"wp-block-image size-full\"><img loading=\"lazy\" decoding=\"async\" width=\"598\" height=\"837\" src=\"http:\/\/jens-mayer.com\/de\/wp-content\/uploads\/2025\/01\/katie.jpg\" alt=\"Katie Grant &amp; Jens Mayer\" class=\"wp-image-2262\" srcset=\"https:\/\/jens-mayer.com\/de\/wp-content\/uploads\/2025\/01\/katie.jpg 598w, https:\/\/jens-mayer.com\/de\/wp-content\/uploads\/2025\/01\/katie-214x300.jpg 214w, https:\/\/jens-mayer.com\/de\/wp-content\/uploads\/2025\/01\/katie-230x322.jpg 230w, https:\/\/jens-mayer.com\/de\/wp-content\/uploads\/2025\/01\/katie-350x490.jpg 350w, https:\/\/jens-mayer.com\/de\/wp-content\/uploads\/2025\/01\/katie-480x672.jpg 480w\" sizes=\"auto, (max-width: 598px) 100vw, 598px\" \/><figcaption class=\"wp-element-caption\">Katie Grant &amp; Jens Mayer<\/figcaption><\/figure>\n","protected":false},"excerpt":{"rendered":"<p>Saengerin Katie Grant und Gitarrist Jens Mayer verzaubern mit einem ausgewogenen Akustik-Programm aus gefuehlvollen Coversongs &#8211; von Ballade bis Popsong: What a wonderful world &#8211; Hallelujah &#8211; Smile &#8211; Viva<a href=\"https:\/\/jens-mayer.com\/de\/duo\/\" class=\"more-link\"><span class=\"readmore\">Continue reading<span class=\"screen-reader-text\">Katie Grant &#038; Jens Mayer Acoustic Duo<\/span><\/span><\/a><\/p>\n","protected":false},"author":1,"featured_media":2262,"parent":0,"menu_order":0,"comment_status":"closed","ping_status":"closed","template":"","meta":{"footnotes":""},"class_list":["post-2263","page","type-page","status-publish","has-post-thumbnail","hentry"],"yoast_head":"<!-- This site is optimized with the Yoast SEO plugin v27.0 - https:\/\/yoast.com\/product\/yoast-seo-wordpress\/ -->\n<title>Katie Grant &amp; Jens Mayer Acoustic Duo - Jens Mayer Guitar<\/title>\n<meta name=\"description\" content=\"Finest Acoustic Covers mit Katie Grant (voc) und Jens Mayer (guit)\" \/>\n<meta name=\"robots\" content=\"index, follow, max-snippet:-1, max-image-preview:large, max-video-preview:-1\" \/>\n<link rel=\"canonical\" href=\"https:\/\/jens-mayer.com\/de\/duo\/\" \/>\n<meta property=\"og:locale\" content=\"en_US\" \/>\n<meta property=\"og:type\" content=\"article\" \/>\n<meta property=\"og:title\" content=\"Katie Grant &amp; Jens Mayer Acoustic Duo - Jens Mayer Guitar\" \/>\n<meta property=\"og:description\" content=\"Finest Acoustic Covers mit Katie Grant (voc) und Jens Mayer (guit)\" \/>\n<meta property=\"og:url\" content=\"https:\/\/jens-mayer.com\/de\/duo\/\" \/>\n<meta property=\"og:site_name\" content=\"Jens Mayer Guitar\" \/>\n<meta property=\"article:modified_time\" content=\"2026-01-13T08:51:55+00:00\" \/>\n<meta property=\"og:image\" content=\"http:\/\/jens-mayer.com\/de\/wp-content\/uploads\/2025\/01\/katie.jpg\" \/>\n\t<meta property=\"og:image:width\" content=\"598\" \/>\n\t<meta property=\"og:image:height\" content=\"837\" \/>\n\t<meta property=\"og:image:type\" content=\"image\/jpeg\" \/>\n<meta name=\"twitter:card\" content=\"summary_large_image\" \/>\n<meta name=\"twitter:site\" content=\"@jensmayer\" \/>\n<meta name=\"twitter:label1\" content=\"Est. reading time\" \/>\n\t<meta name=\"twitter:data1\" content=\"1 minute\" \/>\n<script type=\"application\/ld+json\" class=\"yoast-schema-graph\">{\"@context\":\"https:\/\/schema.org\",\"@graph\":[{\"@type\":\"WebPage\",\"@id\":\"https:\/\/jens-mayer.com\/de\/duo\/\",\"url\":\"https:\/\/jens-mayer.com\/de\/duo\/\",\"name\":\"Katie Grant & Jens Mayer Acoustic Duo - Jens Mayer Guitar\",\"isPartOf\":{\"@id\":\"https:\/\/jens-mayer.com\/de\/#website\"},\"primaryImageOfPage\":{\"@id\":\"https:\/\/jens-mayer.com\/de\/duo\/#primaryimage\"},\"image\":{\"@id\":\"https:\/\/jens-mayer.com\/de\/duo\/#primaryimage\"},\"thumbnailUrl\":\"https:\/\/jens-mayer.com\/de\/wp-content\/uploads\/2025\/01\/katie.jpg\",\"datePublished\":\"2025-01-02T18:57:57+00:00\",\"dateModified\":\"2026-01-13T08:51:55+00:00\",\"description\":\"Finest Acoustic Covers mit Katie Grant (voc) und Jens Mayer (guit)\",\"breadcrumb\":{\"@id\":\"https:\/\/jens-mayer.com\/de\/duo\/#breadcrumb\"},\"inLanguage\":\"en-US\",\"potentialAction\":[{\"@type\":\"ReadAction\",\"target\":[\"https:\/\/jens-mayer.com\/de\/duo\/\"]}]},{\"@type\":\"ImageObject\",\"inLanguage\":\"en-US\",\"@id\":\"https:\/\/jens-mayer.com\/de\/duo\/#primaryimage\",\"url\":\"https:\/\/jens-mayer.com\/de\/wp-content\/uploads\/2025\/01\/katie.jpg\",\"contentUrl\":\"https:\/\/jens-mayer.com\/de\/wp-content\/uploads\/2025\/01\/katie.jpg\",\"width\":598,\"height\":837,\"caption\":\"Katie Grant & Jens Mayer\"},{\"@type\":\"BreadcrumbList\",\"@id\":\"https:\/\/jens-mayer.com\/de\/duo\/#breadcrumb\",\"itemListElement\":[{\"@type\":\"ListItem\",\"position\":1,\"name\":\"Home\",\"item\":\"https:\/\/jens-mayer.com\/de\/\"},{\"@type\":\"ListItem\",\"position\":2,\"name\":\"Katie Grant &#038; Jens Mayer Acoustic Duo\"}]},{\"@type\":\"WebSite\",\"@id\":\"https:\/\/jens-mayer.com\/de\/#website\",\"url\":\"https:\/\/jens-mayer.com\/de\/\",\"name\":\"Jens Mayer\",\"description\":\"Jens Mayer Gitarrist - Musiker\",\"publisher\":{\"@id\":\"https:\/\/jens-mayer.com\/de\/#\/schema\/person\/920132aea03799919ffcbea9ace5d0aa\"},\"potentialAction\":[{\"@type\":\"SearchAction\",\"target\":{\"@type\":\"EntryPoint\",\"urlTemplate\":\"https:\/\/jens-mayer.com\/de\/?s={search_term_string}\"},\"query-input\":{\"@type\":\"PropertyValueSpecification\",\"valueRequired\":true,\"valueName\":\"search_term_string\"}}],\"inLanguage\":\"en-US\"},{\"@type\":[\"Person\",\"Organization\"],\"@id\":\"https:\/\/jens-mayer.com\/de\/#\/schema\/person\/920132aea03799919ffcbea9ace5d0aa\",\"name\":\"chaijen\",\"image\":{\"@type\":\"ImageObject\",\"inLanguage\":\"en-US\",\"@id\":\"https:\/\/jens-mayer.com\/de\/#\/schema\/person\/image\/\",\"url\":\"https:\/\/secure.gravatar.com\/avatar\/ed29442799e8449cb8727064c3aabe1d195742ffb33889a5185751a0d9aea3c3?s=96&d=mm&r=g\",\"contentUrl\":\"https:\/\/secure.gravatar.com\/avatar\/ed29442799e8449cb8727064c3aabe1d195742ffb33889a5185751a0d9aea3c3?s=96&d=mm&r=g\",\"caption\":\"chaijen\"},\"logo\":{\"@id\":\"https:\/\/jens-mayer.com\/de\/#\/schema\/person\/image\/\"}}]}<\/script>\n<!-- \/ Yoast SEO plugin. -->","yoast_head_json":{"title":"Katie Grant & Jens Mayer Acoustic Duo - Jens Mayer Guitar","description":"Finest Acoustic Covers mit Katie Grant (voc) und Jens Mayer (guit)","robots":{"index":"index","follow":"follow","max-snippet":"max-snippet:-1","max-image-preview":"max-image-preview:large","max-video-preview":"max-video-preview:-1"},"canonical":"https:\/\/jens-mayer.com\/de\/duo\/","og_locale":"en_US","og_type":"article","og_title":"Katie Grant & Jens Mayer Acoustic Duo - Jens Mayer Guitar","og_description":"Finest Acoustic Covers mit Katie Grant (voc) und Jens Mayer (guit)","og_url":"https:\/\/jens-mayer.com\/de\/duo\/","og_site_name":"Jens Mayer Guitar","article_modified_time":"2026-01-13T08:51:55+00:00","og_image":[{"width":598,"height":837,"url":"http:\/\/jens-mayer.com\/de\/wp-content\/uploads\/2025\/01\/katie.jpg","type":"image\/jpeg"}],"twitter_card":"summary_large_image","twitter_site":"@jensmayer","twitter_misc":{"Est. reading time":"1 minute"},"schema":{"@context":"https:\/\/schema.org","@graph":[{"@type":"WebPage","@id":"https:\/\/jens-mayer.com\/de\/duo\/","url":"https:\/\/jens-mayer.com\/de\/duo\/","name":"Katie Grant & Jens Mayer Acoustic Duo - Jens Mayer Guitar","isPartOf":{"@id":"https:\/\/jens-mayer.com\/de\/#website"},"primaryImageOfPage":{"@id":"https:\/\/jens-mayer.com\/de\/duo\/#primaryimage"},"image":{"@id":"https:\/\/jens-mayer.com\/de\/duo\/#primaryimage"},"thumbnailUrl":"https:\/\/jens-mayer.com\/de\/wp-content\/uploads\/2025\/01\/katie.jpg","datePublished":"2025-01-02T18:57:57+00:00","dateModified":"2026-01-13T08:51:55+00:00","description":"Finest Acoustic Covers mit Katie Grant (voc) und Jens Mayer (guit)","breadcrumb":{"@id":"https:\/\/jens-mayer.com\/de\/duo\/#breadcrumb"},"inLanguage":"en-US","potentialAction":[{"@type":"ReadAction","target":["https:\/\/jens-mayer.com\/de\/duo\/"]}]},{"@type":"ImageObject","inLanguage":"en-US","@id":"https:\/\/jens-mayer.com\/de\/duo\/#primaryimage","url":"https:\/\/jens-mayer.com\/de\/wp-content\/uploads\/2025\/01\/katie.jpg","contentUrl":"https:\/\/jens-mayer.com\/de\/wp-content\/uploads\/2025\/01\/katie.jpg","width":598,"height":837,"caption":"Katie Grant & Jens Mayer"},{"@type":"BreadcrumbList","@id":"https:\/\/jens-mayer.com\/de\/duo\/#breadcrumb","itemListElement":[{"@type":"ListItem","position":1,"name":"Home","item":"https:\/\/jens-mayer.com\/de\/"},{"@type":"ListItem","position":2,"name":"Katie Grant &#038; Jens Mayer Acoustic Duo"}]},{"@type":"WebSite","@id":"https:\/\/jens-mayer.com\/de\/#website","url":"https:\/\/jens-mayer.com\/de\/","name":"Jens Mayer","description":"Jens Mayer Gitarrist - Musiker","publisher":{"@id":"https:\/\/jens-mayer.com\/de\/#\/schema\/person\/920132aea03799919ffcbea9ace5d0aa"},"potentialAction":[{"@type":"SearchAction","target":{"@type":"EntryPoint","urlTemplate":"https:\/\/jens-mayer.com\/de\/?s={search_term_string}"},"query-input":{"@type":"PropertyValueSpecification","valueRequired":true,"valueName":"search_term_string"}}],"inLanguage":"en-US"},{"@type":["Person","Organization"],"@id":"https:\/\/jens-mayer.com\/de\/#\/schema\/person\/920132aea03799919ffcbea9ace5d0aa","name":"chaijen","image":{"@type":"ImageObject","inLanguage":"en-US","@id":"https:\/\/jens-mayer.com\/de\/#\/schema\/person\/image\/","url":"https:\/\/secure.gravatar.com\/avatar\/ed29442799e8449cb8727064c3aabe1d195742ffb33889a5185751a0d9aea3c3?s=96&d=mm&r=g","contentUrl":"https:\/\/secure.gravatar.com\/avatar\/ed29442799e8449cb8727064c3aabe1d195742ffb33889a5185751a0d9aea3c3?s=96&d=mm&r=g","caption":"chaijen"},"logo":{"@id":"https:\/\/jens-mayer.com\/de\/#\/schema\/person\/image\/"}}]}},"_links":{"self":[{"href":"https:\/\/jens-mayer.com\/de\/wp-json\/wp\/v2\/pages\/2263","targetHints":{"allow":["GET"]}}],"collection":[{"href":"https:\/\/jens-mayer.com\/de\/wp-json\/wp\/v2\/pages"}],"about":[{"href":"https:\/\/jens-mayer.com\/de\/wp-json\/wp\/v2\/types\/page"}],"author":[{"embeddable":true,"href":"https:\/\/jens-mayer.com\/de\/wp-json\/wp\/v2\/users\/1"}],"replies":[{"embeddable":true,"href":"https:\/\/jens-mayer.com\/de\/wp-json\/wp\/v2\/comments?post=2263"}],"version-history":[{"count":9,"href":"https:\/\/jens-mayer.com\/de\/wp-json\/wp\/v2\/pages\/2263\/revisions"}],"predecessor-version":[{"id":2485,"href":"https:\/\/jens-mayer.com\/de\/wp-json\/wp\/v2\/pages\/2263\/revisions\/2485"}],"wp:featuredmedia":[{"embeddable":true,"href":"https:\/\/jens-mayer.com\/de\/wp-json\/wp\/v2\/media\/2262"}],"wp:attachment":[{"href":"https:\/\/jens-mayer.com\/de\/wp-json\/wp\/v2\/media?parent=2263"}],"curies":[{"name":"wp","href":"https:\/\/api.w.org\/{rel}","templated":true}]}}