{"id":2246,"date":"2024-11-01T16:52:55","date_gmt":"2024-11-01T15:52:55","guid":{"rendered":"http:\/\/jens-mayer.com\/de\/?page_id=2246"},"modified":"2026-01-09T23:10:55","modified_gmt":"2026-01-09T22:10:55","slug":"solo","status":"publish","type":"page","link":"https:\/\/jens-mayer.com\/de\/solo\/","title":{"rendered":"Solo \/ Smooth Jazz"},"content":{"rendered":"<h4><img loading=\"lazy\" decoding=\"async\" class=\"wp-image-1237 alignleft\" src=\"http:\/\/jens-mayer.com\/de\/wp-content\/uploads\/2017\/05\/jensmayer4-1-1024x680.jpg\" alt=\"\" width=\"395\" height=\"262\" srcset=\"https:\/\/jens-mayer.com\/de\/wp-content\/uploads\/2017\/05\/jensmayer4-1.jpg 1024w, https:\/\/jens-mayer.com\/de\/wp-content\/uploads\/2017\/05\/jensmayer4-1-300x199.jpg 300w, https:\/\/jens-mayer.com\/de\/wp-content\/uploads\/2017\/05\/jensmayer4-1-768x510.jpg 768w, https:\/\/jens-mayer.com\/de\/wp-content\/uploads\/2017\/05\/jensmayer4-1-830x551.jpg 830w, https:\/\/jens-mayer.com\/de\/wp-content\/uploads\/2017\/05\/jensmayer4-1-230x153.jpg 230w, https:\/\/jens-mayer.com\/de\/wp-content\/uploads\/2017\/05\/jensmayer4-1-350x232.jpg 350w, https:\/\/jens-mayer.com\/de\/wp-content\/uploads\/2017\/05\/jensmayer4-1-480x319.jpg 480w\" sizes=\"auto, (max-width: 395px) 100vw, 395px\" \/><\/h4>\n<h2 data-start=\"275\" data-end=\"334\">\u00a0<\/h2>\n<h2 data-start=\"275\" data-end=\"334\"><a href=\"https:\/\/jens-mayer.com\/de\/contact\/\">\ud83c\udfb8 BOOKING<\/a><\/h2>\n<h2 data-start=\"275\" data-end=\"334\">Jens Mayer \u2013 Exklusive Livemusik f\u00fcr stilvolle Events<\/h2>\n<p data-start=\"336\" data-end=\"621\">\u00a0<\/p>\n<p data-start=\"336\" data-end=\"621\">\u00a0<\/p>\n<p data-start=\"336\" data-end=\"621\"><strong data-start=\"336\" data-end=\"405\">Verleihen Sie Ihrer Veranstaltung Charakter, Stil und Atmosph\u00e4re.<\/strong><br data-start=\"405\" data-end=\"408\" \/>Mit der gef\u00fchlvollen Gitarrenmusik von <strong data-start=\"447\" data-end=\"461\">Jens Mayer<\/strong> schaffen Sie ein musikalisches Ambiente, das dezent begleitet und zugleich ber\u00fchrt \u2013 ideal f\u00fcr gehobene Events, Hotellounges, Galadinners und exklusive Feiern.<\/p>\n<hr data-start=\"623\" data-end=\"626\" \/>\n<h3 data-start=\"628\" data-end=\"667\">\ud83c\udfb6 Dezent. Stilvoll. Eindrucksvoll.<\/h3>\n<p data-start=\"669\" data-end=\"989\">Sie suchen musikalische Untermalung auf h\u00f6chstem Niveau \u2013 elegant, unaufdringlich und dennoch wirkungsvoll?<br data-start=\"776\" data-end=\"779\" \/>Jens Mayer \u00fcberzeugt mit einer einzigartigen Mischung aus <strong data-start=\"837\" data-end=\"864\">Smooth Jazz, Funk, Soul<\/strong> und <strong data-start=\"869\" data-end=\"906\">melodischen Gitarreninstrumentals<\/strong>, die Ihre G\u00e4ste vom ersten Ton an abholt \u2013 ohne dabei den Mittelpunkt einzunehmen.<\/p>\n<p data-start=\"991\" data-end=\"1007\"><strong data-start=\"991\" data-end=\"1007\">Perfekt f\u00fcr:<\/strong><\/p>\n<ul data-start=\"1008\" data-end=\"1195\">\n<li data-start=\"1008\" data-end=\"1034\">\n<p data-start=\"1010\" data-end=\"1034\">Hotels, Resorts &amp; Spas<\/p>\n<\/li>\n<li data-start=\"1035\" data-end=\"1062\">\n<p data-start=\"1037\" data-end=\"1062\">Lounge- und Barbereiche<\/p>\n<\/li>\n<li data-start=\"1063\" data-end=\"1112\">\n<p data-start=\"1065\" data-end=\"1112\">Firmenveranstaltungen &amp; Produktpr\u00e4sentationen<\/p>\n<\/li>\n<li data-start=\"1113\" data-end=\"1149\">\n<p data-start=\"1115\" data-end=\"1149\">Gala-Abende &amp; exklusive Empf\u00e4nge<\/p>\n<\/li>\n<li data-start=\"1150\" data-end=\"1195\">\n<p data-start=\"1152\" data-end=\"1195\">Hochzeiten, private Feiern und VIP-Events<\/p>\n<\/li>\n<\/ul>\n<hr data-start=\"1197\" data-end=\"1200\" \/>\n<h3 data-start=\"1202\" data-end=\"1255\">\u2728 Ein Musiker mit internationaler B\u00fchnenerfahrung<\/h3>\n<p data-start=\"1257\" data-end=\"1373\">Jens Mayer bringt nicht nur musikalisches K\u00f6nnen mit, sondern auch langj\u00e4hrige Erfahrung auf internationalen B\u00fchnen:<\/p>\n<ul data-start=\"1375\" data-end=\"1610\">\n<li data-start=\"1375\" data-end=\"1411\">\n<p data-start=\"1377\" data-end=\"1411\">Gitarrist bei <strong data-start=\"1391\" data-end=\"1409\">Moerlen\u2019s Gong<\/strong><\/p>\n<\/li>\n<li data-start=\"1412\" data-end=\"1474\">\n<p data-start=\"1414\" data-end=\"1474\">Studioarbeit mit Musikern aus der Band von <strong data-start=\"1457\" data-end=\"1472\">Chick Corea<\/strong><\/p>\n<\/li>\n<li data-start=\"1475\" data-end=\"1560\">\n<p data-start=\"1477\" data-end=\"1560\">Regelm\u00e4\u00dfiger Tourgitarrist bei <strong data-start=\"1508\" data-end=\"1519\">GoMusic<\/strong> (Martin Engelien \/ Ex-Klaus Lage Band)<\/p>\n<\/li>\n<li data-start=\"1561\" data-end=\"1610\">\n<p data-start=\"1563\" data-end=\"1610\"><strong data-start=\"1563\" data-end=\"1599\">Markenbotschafter f\u00fcr Zoom Audio<\/strong> Produkte<\/p>\n<\/li>\n<\/ul>\n<hr data-start=\"1612\" data-end=\"1615\" \/>\n<h3 data-start=\"1617\" data-end=\"1675\">\ud83c\udfb5 Klangvolle Vielfalt \u2013 ma\u00dfgeschneidert f\u00fcr Ihr Event<\/h3>\n<p data-start=\"1677\" data-end=\"1833\">Das Repertoire passt sich flexibel dem Anlass und der Stimmung an \u2013 ob stilvolle Hintergrundmusik zum Dinner oder atmosph\u00e4rische Begleitung an der Hotelbar.<\/p>\n<p data-start=\"1835\" data-end=\"1929\"><strong data-start=\"1835\" data-end=\"1854\">Jazz-Klassiker:<\/strong><br data-start=\"1854\" data-end=\"1857\" \/><em data-start=\"1857\" data-end=\"1929\">Autumn Leaves, Blue Bossa, Summertime, All the Things You Are, So What<\/em><\/p>\n<p data-start=\"1931\" data-end=\"2027\"><strong data-start=\"1931\" data-end=\"1957\">Gitarreninstrumentals:<\/strong><br data-start=\"1957\" data-end=\"1960\" \/><em data-start=\"1960\" data-end=\"2027\">Europa, Samba Pa Ti, Cause We Ended As Lovers, Little Wing, Spain<\/em><\/p>\n<p data-start=\"2029\" data-end=\"2136\"><strong data-start=\"2029\" data-end=\"2055\">Lounge- und Popst\u00fccke:<\/strong><br data-start=\"2055\" data-end=\"2058\" \/><em data-start=\"2058\" data-end=\"2136\">Just the Two of Us, Ain\u2019t No Sunshine, Message in a Bottle, Isn\u2019t She Lovely<\/em><\/p>\n<p data-start=\"2138\" data-end=\"2223\">Auf Wunsch ist auch eine <strong data-start=\"2163\" data-end=\"2175\">S\u00e4ngerin<\/strong> f\u00fcr ein noch breiteres Klangspektrum buchbar.<\/p>\n<hr data-start=\"2225\" data-end=\"2228\" \/>\n<h3 data-start=\"2230\" data-end=\"2286\">\ud83d\udce9 Jetzt anfragen \u2013 stilvolle Livemusik f\u00fcr Ihr Haus<\/h3>\n<p data-start=\"2288\" data-end=\"2488\">Sie m\u00f6chten Ihre G\u00e4ste mit exzellenter Live-Musik verw\u00f6hnen?<br data-start=\"2348\" data-end=\"2351\" \/>Ob regelm\u00e4\u00dfige Lounge-Abende im Hotel, stilvolle Galas oder einmalige Premium-Events \u2013 <strong data-start=\"2438\" data-end=\"2452\">Jens Mayer<\/strong> ist Ihre musikalische Visitenkarte.<\/p>\n<h2 data-start=\"2490\" data-end=\"2614\"><a href=\"https:\/\/jens-mayer.com\/de\/contact\/\"><b>Booking hier<\/b><\/a><\/h2>\n<hr data-start=\"2616\" data-end=\"2619\" \/>\n<p data-start=\"2621\" data-end=\"2861\"><strong data-start=\"2621\" data-end=\"2649\">Tipp f\u00fcr Eventagenturen:<\/strong><br data-start=\"2649\" data-end=\"2652\" \/>Jens Mayer ist flexibel buchbar \u2013 solo, im Duo mit S\u00e4ngerin oder eingebunden in bestehende Veranstaltungskonzepte. Ideal als musikalischer Partner f\u00fcr Premiumkunden, Hotellerie und anspruchsvolle Eventformate.<\/p>\n<p><iframe loading=\"lazy\" title=\"Black Orpheus - Jens Mayer Smooth Jazz\" width=\"990\" height=\"557\" src=\"https:\/\/www.youtube.com\/embed\/ySz1NscYbIw?feature=oembed\" frameborder=\"0\" allow=\"accelerometer; autoplay; clipboard-write; encrypted-media; gyroscope; picture-in-picture; web-share\" referrerpolicy=\"strict-origin-when-cross-origin\" allowfullscreen><\/iframe><\/p>\n\n\n<figure class=\"wp-block-embed is-type-video is-provider-youtube wp-block-embed-youtube wp-embed-aspect-16-9 wp-has-aspect-ratio\"><div class=\"wp-block-embed__wrapper\">\n<iframe loading=\"lazy\" title=\"Jens Mayer Ain\u2019t no sunshine (Cover) Smooth Jazz Promo Clip\" width=\"990\" height=\"557\" src=\"https:\/\/www.youtube.com\/embed\/nB-r4ExfQ14?feature=oembed\" frameborder=\"0\" allow=\"accelerometer; autoplay; clipboard-write; encrypted-media; gyroscope; picture-in-picture; web-share\" referrerpolicy=\"strict-origin-when-cross-origin\" allowfullscreen><\/iframe>\n<\/div><\/figure>\n\n\n\n<figure class=\"wp-block-embed is-type-video is-provider-youtube wp-block-embed-youtube wp-embed-aspect-16-9 wp-has-aspect-ratio\"><div class=\"wp-block-embed__wrapper\">\n<iframe loading=\"lazy\" title=\"Europa (Cover) - Santana - Jens Mayer Smooth Jazz\" width=\"990\" height=\"557\" src=\"https:\/\/www.youtube.com\/embed\/OVYPxlC1sXA?feature=oembed\" frameborder=\"0\" allow=\"accelerometer; autoplay; clipboard-write; encrypted-media; gyroscope; picture-in-picture; web-share\" referrerpolicy=\"strict-origin-when-cross-origin\" allowfullscreen><\/iframe>\n<\/div><\/figure>\n","protected":false},"excerpt":{"rendered":"<p>\u00a0 \ud83c\udfb8 BOOKING Jens Mayer \u2013 Exklusive Livemusik f\u00fcr stilvolle Events \u00a0 \u00a0 Verleihen Sie Ihrer Veranstaltung Charakter, Stil und Atmosph\u00e4re.Mit der gef\u00fchlvollen Gitarrenmusik von Jens Mayer schaffen Sie ein<a href=\"https:\/\/jens-mayer.com\/de\/solo\/\" class=\"more-link\"><span class=\"readmore\">Continue reading<span class=\"screen-reader-text\">Solo \/ Smooth Jazz<\/span><\/span><\/a><\/p>\n","protected":false},"author":1,"featured_media":0,"parent":0,"menu_order":0,"comment_status":"closed","ping_status":"closed","template":"","meta":{"footnotes":""},"class_list":["post-2246","page","type-page","status-publish","hentry"],"yoast_head":"<!-- This site is optimized with the Yoast SEO plugin v27.0 - https:\/\/yoast.com\/product\/yoast-seo-wordpress\/ -->\n<title>Solo \/ Smooth Jazz - Jens Mayer Guitar<\/title>\n<meta name=\"robots\" content=\"index, follow, max-snippet:-1, max-image-preview:large, max-video-preview:-1\" \/>\n<link rel=\"canonical\" href=\"https:\/\/jens-mayer.com\/de\/solo\/\" \/>\n<meta property=\"og:locale\" content=\"en_US\" \/>\n<meta property=\"og:type\" content=\"article\" \/>\n<meta property=\"og:title\" content=\"Solo \/ Smooth Jazz - Jens Mayer Guitar\" \/>\n<meta property=\"og:description\" content=\"\u00a0 \ud83c\udfb8 BOOKING Jens Mayer \u2013 Exklusive Livemusik f\u00fcr stilvolle Events \u00a0 \u00a0 Verleihen Sie Ihrer Veranstaltung Charakter, Stil und Atmosph\u00e4re.Mit der gef\u00fchlvollen Gitarrenmusik von Jens Mayer schaffen Sie einContinue readingSolo \/ Smooth Jazz\" \/>\n<meta property=\"og:url\" content=\"https:\/\/jens-mayer.com\/de\/solo\/\" \/>\n<meta property=\"og:site_name\" content=\"Jens Mayer Guitar\" \/>\n<meta property=\"article:modified_time\" content=\"2026-01-09T22:10:55+00:00\" \/>\n<meta property=\"og:image\" content=\"https:\/\/jens-mayer.com\/de\/wp-content\/uploads\/2017\/05\/jensmayer4-1.jpg\" \/>\n\t<meta property=\"og:image:width\" content=\"1024\" \/>\n\t<meta property=\"og:image:height\" content=\"680\" \/>\n\t<meta property=\"og:image:type\" content=\"image\/jpeg\" \/>\n<meta name=\"twitter:card\" content=\"summary_large_image\" \/>\n<meta name=\"twitter:site\" content=\"@jensmayer\" \/>\n<meta name=\"twitter:label1\" content=\"Est. reading time\" \/>\n\t<meta name=\"twitter:data1\" content=\"2 minutes\" \/>\n<script type=\"application\/ld+json\" class=\"yoast-schema-graph\">{\"@context\":\"https:\/\/schema.org\",\"@graph\":[{\"@type\":\"WebPage\",\"@id\":\"https:\/\/jens-mayer.com\/de\/solo\/\",\"url\":\"https:\/\/jens-mayer.com\/de\/solo\/\",\"name\":\"Solo \/ Smooth Jazz - Jens Mayer Guitar\",\"isPartOf\":{\"@id\":\"https:\/\/jens-mayer.com\/de\/#website\"},\"primaryImageOfPage\":{\"@id\":\"https:\/\/jens-mayer.com\/de\/solo\/#primaryimage\"},\"image\":{\"@id\":\"https:\/\/jens-mayer.com\/de\/solo\/#primaryimage\"},\"thumbnailUrl\":\"http:\/\/jens-mayer.com\/de\/wp-content\/uploads\/2017\/05\/jensmayer4-1-1024x680.jpg\",\"datePublished\":\"2024-11-01T15:52:55+00:00\",\"dateModified\":\"2026-01-09T22:10:55+00:00\",\"breadcrumb\":{\"@id\":\"https:\/\/jens-mayer.com\/de\/solo\/#breadcrumb\"},\"inLanguage\":\"en-US\",\"potentialAction\":[{\"@type\":\"ReadAction\",\"target\":[\"https:\/\/jens-mayer.com\/de\/solo\/\"]}]},{\"@type\":\"ImageObject\",\"inLanguage\":\"en-US\",\"@id\":\"https:\/\/jens-mayer.com\/de\/solo\/#primaryimage\",\"url\":\"https:\/\/jens-mayer.com\/de\/wp-content\/uploads\/2017\/05\/jensmayer4-1.jpg\",\"contentUrl\":\"https:\/\/jens-mayer.com\/de\/wp-content\/uploads\/2017\/05\/jensmayer4-1.jpg\",\"width\":1024,\"height\":680},{\"@type\":\"BreadcrumbList\",\"@id\":\"https:\/\/jens-mayer.com\/de\/solo\/#breadcrumb\",\"itemListElement\":[{\"@type\":\"ListItem\",\"position\":1,\"name\":\"Home\",\"item\":\"https:\/\/jens-mayer.com\/de\/\"},{\"@type\":\"ListItem\",\"position\":2,\"name\":\"Solo \/ Smooth Jazz\"}]},{\"@type\":\"WebSite\",\"@id\":\"https:\/\/jens-mayer.com\/de\/#website\",\"url\":\"https:\/\/jens-mayer.com\/de\/\",\"name\":\"Jens Mayer\",\"description\":\"Jens Mayer Gitarrist - Musiker\",\"publisher\":{\"@id\":\"https:\/\/jens-mayer.com\/de\/#\/schema\/person\/920132aea03799919ffcbea9ace5d0aa\"},\"potentialAction\":[{\"@type\":\"SearchAction\",\"target\":{\"@type\":\"EntryPoint\",\"urlTemplate\":\"https:\/\/jens-mayer.com\/de\/?s={search_term_string}\"},\"query-input\":{\"@type\":\"PropertyValueSpecification\",\"valueRequired\":true,\"valueName\":\"search_term_string\"}}],\"inLanguage\":\"en-US\"},{\"@type\":[\"Person\",\"Organization\"],\"@id\":\"https:\/\/jens-mayer.com\/de\/#\/schema\/person\/920132aea03799919ffcbea9ace5d0aa\",\"name\":\"chaijen\",\"image\":{\"@type\":\"ImageObject\",\"inLanguage\":\"en-US\",\"@id\":\"https:\/\/jens-mayer.com\/de\/#\/schema\/person\/image\/\",\"url\":\"https:\/\/secure.gravatar.com\/avatar\/ed29442799e8449cb8727064c3aabe1d195742ffb33889a5185751a0d9aea3c3?s=96&d=mm&r=g\",\"contentUrl\":\"https:\/\/secure.gravatar.com\/avatar\/ed29442799e8449cb8727064c3aabe1d195742ffb33889a5185751a0d9aea3c3?s=96&d=mm&r=g\",\"caption\":\"chaijen\"},\"logo\":{\"@id\":\"https:\/\/jens-mayer.com\/de\/#\/schema\/person\/image\/\"}}]}<\/script>\n<!-- \/ Yoast SEO plugin. -->","yoast_head_json":{"title":"Solo \/ Smooth Jazz - Jens Mayer Guitar","robots":{"index":"index","follow":"follow","max-snippet":"max-snippet:-1","max-image-preview":"max-image-preview:large","max-video-preview":"max-video-preview:-1"},"canonical":"https:\/\/jens-mayer.com\/de\/solo\/","og_locale":"en_US","og_type":"article","og_title":"Solo \/ Smooth Jazz - Jens Mayer Guitar","og_description":"\u00a0 \ud83c\udfb8 BOOKING Jens Mayer \u2013 Exklusive Livemusik f\u00fcr stilvolle Events \u00a0 \u00a0 Verleihen Sie Ihrer Veranstaltung Charakter, Stil und Atmosph\u00e4re.Mit der gef\u00fchlvollen Gitarrenmusik von Jens Mayer schaffen Sie einContinue readingSolo \/ Smooth Jazz","og_url":"https:\/\/jens-mayer.com\/de\/solo\/","og_site_name":"Jens Mayer Guitar","article_modified_time":"2026-01-09T22:10:55+00:00","og_image":[{"width":1024,"height":680,"url":"https:\/\/jens-mayer.com\/de\/wp-content\/uploads\/2017\/05\/jensmayer4-1.jpg","type":"image\/jpeg"}],"twitter_card":"summary_large_image","twitter_site":"@jensmayer","twitter_misc":{"Est. reading time":"2 minutes"},"schema":{"@context":"https:\/\/schema.org","@graph":[{"@type":"WebPage","@id":"https:\/\/jens-mayer.com\/de\/solo\/","url":"https:\/\/jens-mayer.com\/de\/solo\/","name":"Solo \/ Smooth Jazz - Jens Mayer Guitar","isPartOf":{"@id":"https:\/\/jens-mayer.com\/de\/#website"},"primaryImageOfPage":{"@id":"https:\/\/jens-mayer.com\/de\/solo\/#primaryimage"},"image":{"@id":"https:\/\/jens-mayer.com\/de\/solo\/#primaryimage"},"thumbnailUrl":"http:\/\/jens-mayer.com\/de\/wp-content\/uploads\/2017\/05\/jensmayer4-1-1024x680.jpg","datePublished":"2024-11-01T15:52:55+00:00","dateModified":"2026-01-09T22:10:55+00:00","breadcrumb":{"@id":"https:\/\/jens-mayer.com\/de\/solo\/#breadcrumb"},"inLanguage":"en-US","potentialAction":[{"@type":"ReadAction","target":["https:\/\/jens-mayer.com\/de\/solo\/"]}]},{"@type":"ImageObject","inLanguage":"en-US","@id":"https:\/\/jens-mayer.com\/de\/solo\/#primaryimage","url":"https:\/\/jens-mayer.com\/de\/wp-content\/uploads\/2017\/05\/jensmayer4-1.jpg","contentUrl":"https:\/\/jens-mayer.com\/de\/wp-content\/uploads\/2017\/05\/jensmayer4-1.jpg","width":1024,"height":680},{"@type":"BreadcrumbList","@id":"https:\/\/jens-mayer.com\/de\/solo\/#breadcrumb","itemListElement":[{"@type":"ListItem","position":1,"name":"Home","item":"https:\/\/jens-mayer.com\/de\/"},{"@type":"ListItem","position":2,"name":"Solo \/ Smooth Jazz"}]},{"@type":"WebSite","@id":"https:\/\/jens-mayer.com\/de\/#website","url":"https:\/\/jens-mayer.com\/de\/","name":"Jens Mayer","description":"Jens Mayer Gitarrist - Musiker","publisher":{"@id":"https:\/\/jens-mayer.com\/de\/#\/schema\/person\/920132aea03799919ffcbea9ace5d0aa"},"potentialAction":[{"@type":"SearchAction","target":{"@type":"EntryPoint","urlTemplate":"https:\/\/jens-mayer.com\/de\/?s={search_term_string}"},"query-input":{"@type":"PropertyValueSpecification","valueRequired":true,"valueName":"search_term_string"}}],"inLanguage":"en-US"},{"@type":["Person","Organization"],"@id":"https:\/\/jens-mayer.com\/de\/#\/schema\/person\/920132aea03799919ffcbea9ace5d0aa","name":"chaijen","image":{"@type":"ImageObject","inLanguage":"en-US","@id":"https:\/\/jens-mayer.com\/de\/#\/schema\/person\/image\/","url":"https:\/\/secure.gravatar.com\/avatar\/ed29442799e8449cb8727064c3aabe1d195742ffb33889a5185751a0d9aea3c3?s=96&d=mm&r=g","contentUrl":"https:\/\/secure.gravatar.com\/avatar\/ed29442799e8449cb8727064c3aabe1d195742ffb33889a5185751a0d9aea3c3?s=96&d=mm&r=g","caption":"chaijen"},"logo":{"@id":"https:\/\/jens-mayer.com\/de\/#\/schema\/person\/image\/"}}]}},"_links":{"self":[{"href":"https:\/\/jens-mayer.com\/de\/wp-json\/wp\/v2\/pages\/2246","targetHints":{"allow":["GET"]}}],"collection":[{"href":"https:\/\/jens-mayer.com\/de\/wp-json\/wp\/v2\/pages"}],"about":[{"href":"https:\/\/jens-mayer.com\/de\/wp-json\/wp\/v2\/types\/page"}],"author":[{"embeddable":true,"href":"https:\/\/jens-mayer.com\/de\/wp-json\/wp\/v2\/users\/1"}],"replies":[{"embeddable":true,"href":"https:\/\/jens-mayer.com\/de\/wp-json\/wp\/v2\/comments?post=2246"}],"version-history":[{"count":1,"href":"https:\/\/jens-mayer.com\/de\/wp-json\/wp\/v2\/pages\/2246\/revisions"}],"predecessor-version":[{"id":2438,"href":"https:\/\/jens-mayer.com\/de\/wp-json\/wp\/v2\/pages\/2246\/revisions\/2438"}],"wp:attachment":[{"href":"https:\/\/jens-mayer.com\/de\/wp-json\/wp\/v2\/media?parent=2246"}],"curies":[{"name":"wp","href":"https:\/\/api.w.org\/{rel}","templated":true}]}}