{"id":2210,"date":"2024-08-16T12:50:43","date_gmt":"2024-08-16T10:50:43","guid":{"rendered":"http:\/\/jens-mayer.com\/de\/?page_id=2210"},"modified":"2026-03-24T15:24:58","modified_gmt":"2026-03-24T14:24:58","slug":"jens-mayer-quartett","status":"publish","type":"page","link":"https:\/\/jens-mayer.com\/de\/jens-mayer-quartett\/","title":{"rendered":"Jens Mayer Quartett"},"content":{"rendered":"<p><strong><img loading=\"lazy\" decoding=\"async\" class=\" wp-image-1237 alignleft\" src=\"http:\/\/jens-mayer.com\/de\/wp-content\/uploads\/2017\/05\/jensmayer4-1-1024x680.jpg\" alt=\"\" width=\"397\" height=\"264\" data-wp-editing=\"1\" srcset=\"https:\/\/jens-mayer.com\/de\/wp-content\/uploads\/2017\/05\/jensmayer4-1.jpg 1024w, https:\/\/jens-mayer.com\/de\/wp-content\/uploads\/2017\/05\/jensmayer4-1-300x199.jpg 300w, https:\/\/jens-mayer.com\/de\/wp-content\/uploads\/2017\/05\/jensmayer4-1-768x510.jpg 768w, https:\/\/jens-mayer.com\/de\/wp-content\/uploads\/2017\/05\/jensmayer4-1-830x551.jpg 830w, https:\/\/jens-mayer.com\/de\/wp-content\/uploads\/2017\/05\/jensmayer4-1-230x153.jpg 230w, https:\/\/jens-mayer.com\/de\/wp-content\/uploads\/2017\/05\/jensmayer4-1-350x232.jpg 350w, https:\/\/jens-mayer.com\/de\/wp-content\/uploads\/2017\/05\/jensmayer4-1-480x319.jpg 480w, https:\/\/jens-mayer.com\/de\/wp-content\/uploads\/2017\/05\/jensmayer4-1-272x182.jpg 272w\" sizes=\"auto, (max-width: 397px) 100vw, 397px\" \/><\/strong><\/p>\n<p>Bekannt geworden durch seine Arbeit mit Moerlen&#8217;s GONG im Jahre 2000, hat sich Jens Mayer als geschmackvoller, stilsicherer Gitarrist etabliert.<br \/>\nMit seinem fantastischer Ton und gef\u00fchlvollen Bendings findet der versierte Gitarrist immer den richtigen Part f\u00fcr einen Song, sei es als Sidemann fuer so renommierte Musiker wie Martin Engelien (Go Music, Klaus Lage) Waldo Weathers (James Brown) und viele andere, als auch fuer seine eigenen musikalischen Projekte.<\/p>\n<p>Nach seinem Debutalbum &#8220;Steppin&#8217;up&#8221;, welches unter anderem Jamie Glaser (ex Chick Corea, Manhatten Transfer) als Gastmusiker hatte, kuendigt Jens Mayer fuer Mitte 2026 sein neues Album &#8220;Hear me out&#8221; an. Hier verwirklicht der Gitarrist seine musikalischen Visionen mit Eigenkompositionen aus der Jazz\/Rock und Fusionwelt. Auch auf diesem Album werden wieder einige bekannte Namen als Gastmusiker zu h\u00f6ren sein.<\/p>\n<p>Mit Songs &#8220;seiner\u201c Heroes \u00a0(Jeff Beck, Protocol, Gary Moore, Uzeb, Mike Stern, uvm. ist Jens Mayer nun mit seinem Jazz\/Fusion Quartett auf Tournee.<br \/>\nBegleitet wird er von einigen der besten Musikern aus dem Osten Frankreichs, mit denen Jens seit seines Jazzstudiums in Frankreich musikalisch verbunden ist.<\/p>\n<p><strong>Der Gitarrist Jens Mayer als auch Keyboarder Klaus Webel sind Mitglied im Jazzverband Baden-W\u00fcrttemberg e.V. und damit f\u00f6rderf\u00e4hige Jazzmusiker aus BW!<\/strong><\/p>\n<p>Jens Mayer &#8211; guitar, Philippe Laiss &#8211; bass, Jonathan Haessler &#8211; drums &#8211; Klaus Webel &#8211; Keyboards\u00a0 (<a href=\"https:\/\/jens-mayer.com\/de\/wp-content\/uploads\/2026\/03\/bildschirmfoto-2026-03-24-um-14-47-15.webp\">Bandphoto<\/a>)<\/p>\n<p><iframe loading=\"lazy\" title=\"Jens Mayer Quartett\" width=\"990\" height=\"557\" src=\"https:\/\/www.youtube.com\/embed\/videoseries?list=PLwbvZnXXchmkfZvH10dmv6Q6-_LEhskPu\" frameborder=\"0\" allow=\"accelerometer; autoplay; clipboard-write; encrypted-media; gyroscope; picture-in-picture; web-share\" referrerpolicy=\"strict-origin-when-cross-origin\" allowfullscreen><\/iframe><\/p>\n<p><a href=\"http:\/\/jens-mayer.com\/de\/wp-content\/uploads\/2026\/03\/Jens-Mayer-Quartett-info.pdf\">Info als PDF<\/a><\/p>\n<h4 style=\"text-align: center;\"><a href=\"https:\/\/jens-mayer.com\/de\/contact\/\"><strong>BOOKING HIER<\/strong><\/a><\/h4>\n","protected":false},"excerpt":{"rendered":"<p>Bekannt geworden durch seine Arbeit mit Moerlen&#8217;s GONG im Jahre 2000, hat sich Jens Mayer als geschmackvoller, stilsicherer Gitarrist etabliert. Mit seinem fantastischer Ton und gef\u00fchlvollen Bendings findet der versierte<a href=\"https:\/\/jens-mayer.com\/de\/jens-mayer-quartett\/\" class=\"more-link\"><span class=\"readmore\">Continue reading<span class=\"screen-reader-text\">Jens Mayer Quartett<\/span><\/span><\/a><\/p>\n","protected":false},"author":1,"featured_media":0,"parent":0,"menu_order":0,"comment_status":"closed","ping_status":"closed","template":"","meta":{"footnotes":""},"class_list":["post-2210","page","type-page","status-publish","hentry"],"yoast_head":"<!-- This site is optimized with the Yoast SEO plugin v27.0 - https:\/\/yoast.com\/product\/yoast-seo-wordpress\/ -->\n<title>Jens Mayer Quartett - Jens Mayer Guitar<\/title>\n<meta name=\"robots\" content=\"index, follow, max-snippet:-1, max-image-preview:large, max-video-preview:-1\" \/>\n<link rel=\"canonical\" href=\"https:\/\/jens-mayer.com\/de\/jens-mayer-quartett\/\" \/>\n<meta property=\"og:locale\" content=\"en_US\" \/>\n<meta property=\"og:type\" content=\"article\" \/>\n<meta property=\"og:title\" content=\"Jens Mayer Quartett - Jens Mayer Guitar\" \/>\n<meta property=\"og:description\" content=\"Bekannt geworden durch seine Arbeit mit Moerlen&#8217;s GONG im Jahre 2000, hat sich Jens Mayer als geschmackvoller, stilsicherer Gitarrist etabliert. Mit seinem fantastischer Ton und gef\u00fchlvollen Bendings findet der versierteContinue readingJens Mayer Quartett\" \/>\n<meta property=\"og:url\" content=\"https:\/\/jens-mayer.com\/de\/jens-mayer-quartett\/\" \/>\n<meta property=\"og:site_name\" content=\"Jens Mayer Guitar\" \/>\n<meta property=\"article:modified_time\" content=\"2026-03-24T14:24:58+00:00\" \/>\n<meta property=\"og:image\" content=\"https:\/\/jens-mayer.com\/de\/wp-content\/uploads\/2017\/05\/jensmayer4-1.jpg\" \/>\n\t<meta property=\"og:image:width\" content=\"1024\" \/>\n\t<meta property=\"og:image:height\" content=\"680\" \/>\n\t<meta property=\"og:image:type\" content=\"image\/jpeg\" \/>\n<meta name=\"twitter:card\" content=\"summary_large_image\" \/>\n<meta name=\"twitter:site\" content=\"@jensmayer\" \/>\n<meta name=\"twitter:label1\" content=\"Est. reading time\" \/>\n\t<meta name=\"twitter:data1\" content=\"2 minutes\" \/>\n<script type=\"application\/ld+json\" class=\"yoast-schema-graph\">{\"@context\":\"https:\/\/schema.org\",\"@graph\":[{\"@type\":\"WebPage\",\"@id\":\"https:\/\/jens-mayer.com\/de\/jens-mayer-quartett\/\",\"url\":\"https:\/\/jens-mayer.com\/de\/jens-mayer-quartett\/\",\"name\":\"Jens Mayer Quartett - Jens Mayer Guitar\",\"isPartOf\":{\"@id\":\"https:\/\/jens-mayer.com\/de\/#website\"},\"primaryImageOfPage\":{\"@id\":\"https:\/\/jens-mayer.com\/de\/jens-mayer-quartett\/#primaryimage\"},\"image\":{\"@id\":\"https:\/\/jens-mayer.com\/de\/jens-mayer-quartett\/#primaryimage\"},\"thumbnailUrl\":\"http:\/\/jens-mayer.com\/de\/wp-content\/uploads\/2017\/05\/jensmayer4-1-1024x680.jpg\",\"datePublished\":\"2024-08-16T10:50:43+00:00\",\"dateModified\":\"2026-03-24T14:24:58+00:00\",\"breadcrumb\":{\"@id\":\"https:\/\/jens-mayer.com\/de\/jens-mayer-quartett\/#breadcrumb\"},\"inLanguage\":\"en-US\",\"potentialAction\":[{\"@type\":\"ReadAction\",\"target\":[\"https:\/\/jens-mayer.com\/de\/jens-mayer-quartett\/\"]}]},{\"@type\":\"ImageObject\",\"inLanguage\":\"en-US\",\"@id\":\"https:\/\/jens-mayer.com\/de\/jens-mayer-quartett\/#primaryimage\",\"url\":\"https:\/\/jens-mayer.com\/de\/wp-content\/uploads\/2017\/05\/jensmayer4-1.jpg\",\"contentUrl\":\"https:\/\/jens-mayer.com\/de\/wp-content\/uploads\/2017\/05\/jensmayer4-1.jpg\",\"width\":1024,\"height\":680},{\"@type\":\"BreadcrumbList\",\"@id\":\"https:\/\/jens-mayer.com\/de\/jens-mayer-quartett\/#breadcrumb\",\"itemListElement\":[{\"@type\":\"ListItem\",\"position\":1,\"name\":\"Home\",\"item\":\"https:\/\/jens-mayer.com\/de\/\"},{\"@type\":\"ListItem\",\"position\":2,\"name\":\"Jens Mayer Quartett\"}]},{\"@type\":\"WebSite\",\"@id\":\"https:\/\/jens-mayer.com\/de\/#website\",\"url\":\"https:\/\/jens-mayer.com\/de\/\",\"name\":\"Jens Mayer\",\"description\":\"Jens Mayer Gitarrist - Musiker\",\"publisher\":{\"@id\":\"https:\/\/jens-mayer.com\/de\/#\/schema\/person\/920132aea03799919ffcbea9ace5d0aa\"},\"potentialAction\":[{\"@type\":\"SearchAction\",\"target\":{\"@type\":\"EntryPoint\",\"urlTemplate\":\"https:\/\/jens-mayer.com\/de\/?s={search_term_string}\"},\"query-input\":{\"@type\":\"PropertyValueSpecification\",\"valueRequired\":true,\"valueName\":\"search_term_string\"}}],\"inLanguage\":\"en-US\"},{\"@type\":[\"Person\",\"Organization\"],\"@id\":\"https:\/\/jens-mayer.com\/de\/#\/schema\/person\/920132aea03799919ffcbea9ace5d0aa\",\"name\":\"chaijen\",\"image\":{\"@type\":\"ImageObject\",\"inLanguage\":\"en-US\",\"@id\":\"https:\/\/jens-mayer.com\/de\/#\/schema\/person\/image\/\",\"url\":\"https:\/\/secure.gravatar.com\/avatar\/ed29442799e8449cb8727064c3aabe1d195742ffb33889a5185751a0d9aea3c3?s=96&d=mm&r=g\",\"contentUrl\":\"https:\/\/secure.gravatar.com\/avatar\/ed29442799e8449cb8727064c3aabe1d195742ffb33889a5185751a0d9aea3c3?s=96&d=mm&r=g\",\"caption\":\"chaijen\"},\"logo\":{\"@id\":\"https:\/\/jens-mayer.com\/de\/#\/schema\/person\/image\/\"}}]}<\/script>\n<!-- \/ Yoast SEO plugin. -->","yoast_head_json":{"title":"Jens Mayer Quartett - Jens Mayer Guitar","robots":{"index":"index","follow":"follow","max-snippet":"max-snippet:-1","max-image-preview":"max-image-preview:large","max-video-preview":"max-video-preview:-1"},"canonical":"https:\/\/jens-mayer.com\/de\/jens-mayer-quartett\/","og_locale":"en_US","og_type":"article","og_title":"Jens Mayer Quartett - Jens Mayer Guitar","og_description":"Bekannt geworden durch seine Arbeit mit Moerlen&#8217;s GONG im Jahre 2000, hat sich Jens Mayer als geschmackvoller, stilsicherer Gitarrist etabliert. Mit seinem fantastischer Ton und gef\u00fchlvollen Bendings findet der versierteContinue readingJens Mayer Quartett","og_url":"https:\/\/jens-mayer.com\/de\/jens-mayer-quartett\/","og_site_name":"Jens Mayer Guitar","article_modified_time":"2026-03-24T14:24:58+00:00","og_image":[{"width":1024,"height":680,"url":"https:\/\/jens-mayer.com\/de\/wp-content\/uploads\/2017\/05\/jensmayer4-1.jpg","type":"image\/jpeg"}],"twitter_card":"summary_large_image","twitter_site":"@jensmayer","twitter_misc":{"Est. reading time":"2 minutes"},"schema":{"@context":"https:\/\/schema.org","@graph":[{"@type":"WebPage","@id":"https:\/\/jens-mayer.com\/de\/jens-mayer-quartett\/","url":"https:\/\/jens-mayer.com\/de\/jens-mayer-quartett\/","name":"Jens Mayer Quartett - Jens Mayer Guitar","isPartOf":{"@id":"https:\/\/jens-mayer.com\/de\/#website"},"primaryImageOfPage":{"@id":"https:\/\/jens-mayer.com\/de\/jens-mayer-quartett\/#primaryimage"},"image":{"@id":"https:\/\/jens-mayer.com\/de\/jens-mayer-quartett\/#primaryimage"},"thumbnailUrl":"http:\/\/jens-mayer.com\/de\/wp-content\/uploads\/2017\/05\/jensmayer4-1-1024x680.jpg","datePublished":"2024-08-16T10:50:43+00:00","dateModified":"2026-03-24T14:24:58+00:00","breadcrumb":{"@id":"https:\/\/jens-mayer.com\/de\/jens-mayer-quartett\/#breadcrumb"},"inLanguage":"en-US","potentialAction":[{"@type":"ReadAction","target":["https:\/\/jens-mayer.com\/de\/jens-mayer-quartett\/"]}]},{"@type":"ImageObject","inLanguage":"en-US","@id":"https:\/\/jens-mayer.com\/de\/jens-mayer-quartett\/#primaryimage","url":"https:\/\/jens-mayer.com\/de\/wp-content\/uploads\/2017\/05\/jensmayer4-1.jpg","contentUrl":"https:\/\/jens-mayer.com\/de\/wp-content\/uploads\/2017\/05\/jensmayer4-1.jpg","width":1024,"height":680},{"@type":"BreadcrumbList","@id":"https:\/\/jens-mayer.com\/de\/jens-mayer-quartett\/#breadcrumb","itemListElement":[{"@type":"ListItem","position":1,"name":"Home","item":"https:\/\/jens-mayer.com\/de\/"},{"@type":"ListItem","position":2,"name":"Jens Mayer Quartett"}]},{"@type":"WebSite","@id":"https:\/\/jens-mayer.com\/de\/#website","url":"https:\/\/jens-mayer.com\/de\/","name":"Jens Mayer","description":"Jens Mayer Gitarrist - Musiker","publisher":{"@id":"https:\/\/jens-mayer.com\/de\/#\/schema\/person\/920132aea03799919ffcbea9ace5d0aa"},"potentialAction":[{"@type":"SearchAction","target":{"@type":"EntryPoint","urlTemplate":"https:\/\/jens-mayer.com\/de\/?s={search_term_string}"},"query-input":{"@type":"PropertyValueSpecification","valueRequired":true,"valueName":"search_term_string"}}],"inLanguage":"en-US"},{"@type":["Person","Organization"],"@id":"https:\/\/jens-mayer.com\/de\/#\/schema\/person\/920132aea03799919ffcbea9ace5d0aa","name":"chaijen","image":{"@type":"ImageObject","inLanguage":"en-US","@id":"https:\/\/jens-mayer.com\/de\/#\/schema\/person\/image\/","url":"https:\/\/secure.gravatar.com\/avatar\/ed29442799e8449cb8727064c3aabe1d195742ffb33889a5185751a0d9aea3c3?s=96&d=mm&r=g","contentUrl":"https:\/\/secure.gravatar.com\/avatar\/ed29442799e8449cb8727064c3aabe1d195742ffb33889a5185751a0d9aea3c3?s=96&d=mm&r=g","caption":"chaijen"},"logo":{"@id":"https:\/\/jens-mayer.com\/de\/#\/schema\/person\/image\/"}}]}},"_links":{"self":[{"href":"https:\/\/jens-mayer.com\/de\/wp-json\/wp\/v2\/pages\/2210","targetHints":{"allow":["GET"]}}],"collection":[{"href":"https:\/\/jens-mayer.com\/de\/wp-json\/wp\/v2\/pages"}],"about":[{"href":"https:\/\/jens-mayer.com\/de\/wp-json\/wp\/v2\/types\/page"}],"author":[{"embeddable":true,"href":"https:\/\/jens-mayer.com\/de\/wp-json\/wp\/v2\/users\/1"}],"replies":[{"embeddable":true,"href":"https:\/\/jens-mayer.com\/de\/wp-json\/wp\/v2\/comments?post=2210"}],"version-history":[{"count":8,"href":"https:\/\/jens-mayer.com\/de\/wp-json\/wp\/v2\/pages\/2210\/revisions"}],"predecessor-version":[{"id":2569,"href":"https:\/\/jens-mayer.com\/de\/wp-json\/wp\/v2\/pages\/2210\/revisions\/2569"}],"wp:attachment":[{"href":"https:\/\/jens-mayer.com\/de\/wp-json\/wp\/v2\/media?parent=2210"}],"curies":[{"name":"wp","href":"https:\/\/api.w.org\/{rel}","templated":true}]}}